{"id":1001,"date":"2021-08-26T11:02:34","date_gmt":"2021-08-26T11:02:34","guid":{"rendered":"https:\/\/astrea.es\/web12\/cat\/?page_id=1001"},"modified":"2021-08-26T11:02:34","modified_gmt":"2021-08-26T11:02:34","slug":"blockchain","status":"publish","type":"page","link":"https:\/\/serveis.astrea.info\/index.php\/serveis\/blockchain\/","title":{"rendered":"Blockchain"},"content":{"rendered":"\n<p>Astrea crea marcs de governan\u00e7a apropiats per a la gesti\u00f3 i funcionament en blockchain:<\/p>\n<ul>\n<li>Funcionament i responsabilitats en DLTs permisionades, p\u00fabliques o privades.<\/li>\n<li>Gesti\u00f3 de prestadors de serveis basats en DLTs permisionades, p\u00fabliques o privades.<\/li>\n<li>Gesti\u00f3 de la identitat descentralitzada.<\/li>\n<li>Gesti\u00f3 descentralitzada d&#8217;evid\u00e8ncies digitals.<\/li>\n<li>Lliurament electr\u00f2nic certificat descentralitzat, a c\u00e0rrec de m\u00faltiples prestadors.<\/li>\n<li>Per a participants de la DAO i l&#8217;objecte de la mateixa.<\/li>\n<li>Compliment amb la normativa de protecci\u00f3 de dades.<\/li>\n<\/ul>\n<p>Amb la col\u00b7laboraci\u00f3 de <a href=\"https:\/\/www.kunfud.com\">KUNFUD.com<\/a><\/p>\n<p>\u00a0<\/p>\n\n\n\n<p>A quin p\u00fablic ens dirigim?<\/p>\n\n\n\n<ul class=\"wp-block-list\"><li>Entitats gestores de DLTs, amb independ\u00e8ncia de la forma jur\u00eddica que adoptin.<\/li><li>Entitats emissores i consumidores de credencials verificables i desenvolupadores o gestores de carteres d&#8217;identitat.<\/li><li>Prestadors de serveis d&#8217;evid\u00e8ncia digital descentralitzada, o entitats que precisen generar evid\u00e8ncies per als seus processos, com el prestadors de serveis de confian\u00e7a o de contractaci\u00f3 electr\u00f2nica.<\/li><\/ul>\n\n\n\n<p><\/p>\n\n\n\n<p><\/p>\n\n\n\n<p>Exposici\u00f3 d&#8217;activitats que es realitzen:<\/p>\n\n\n\n<ul class=\"wp-block-list\"><li>Alineament amb normativa eIDAS en identificaci\u00f3 electr\u00f2nica i preparaci\u00f3 per a la qualificaci\u00f3 d&#8217;expedici\u00f3 de certificats.<\/li><li>An\u00e0lisi de riscos i auditoria de les mesures de seguretat.<\/li><li>An\u00e0lisi de riscos associats a les relacions entre la DLT i els prestadors de serveis.<\/li><li>An\u00e0lisi de riscos associats a les relacions entre nodes.<\/li><li>An\u00e0lisi normatiu relatiu a les evid\u00e8ncies requerides per als processos, incloent perspectiva substantiva i processal.<\/li><li>Auditoria de DLTs i components de servei, per a entitats consumidores d&#8217;aquest tipus de servei.<\/li><li>Compliment legal i conformitat t\u00e8cnica.<\/li><li>Disseny de procediments de resoluci\u00f3 de disputes entre les parts.<\/li><li>Disseny de vehicles espec\u00edfics de compliment normatiu i responsabilitat multi-jurisdiccional.<\/li><li>Elaboraci\u00f3 de codis de bones pr\u00e0ctiques i responsabilitat associativa.<\/li><li>Elaboraci\u00f3 de tot tipus de contractes i pol\u00edtiques de confidencialitat en els negocis.<\/li><li>Identificaci\u00f3 de rols en la DLT. Tipus de nodes i les seves activitats.<\/li><li>Identificaci\u00f3 de rols i responsabilitats.<\/li><li>Identificaci\u00f3 i suport a la redacci\u00f3 de pol\u00edtiques de creaci\u00f3 i validaci\u00f3 d&#8217;evid\u00e8ncies digitals descentralitzades.<\/li><li>Identificaci\u00f3 i suport a la redacci\u00f3 de pol\u00edtiques de la DLT.<\/li><li>Manuals operacional i altres instruments de gesti\u00f3 de la DLT.<\/li><li>Preparaci\u00f3 per a la qualificaci\u00f3 conforme a normativa eIDAS.<\/li><li>Realitzaci\u00f3 d&#8217;avaluacions d&#8217;impacte.<\/li><li>Redacci\u00f3 de cl\u00e0usules i contractes en mat\u00e8ria de protecci\u00f3 de dades.<\/li><li>Redacci\u00f3 dels contractes de consorci nodal. Models de responsabilitat.<\/li><li>Redacci\u00f3 dels contractes de gesti\u00f3 de carteres d&#8217;identitat i expedici\u00f3 i \u00fas de credencials. Models de responsabilitat.<\/li><li>Redacci\u00f3 dels contractes de servei.<\/li><li>Suport al disseny del cicle de vida de la DLT.<\/li><li>Suport al disseny del cicle de vida del servei.<\/li><li>Valoraci\u00f3 de mesures de seguretat aplicables.<\/li><li>Valoraci\u00f3 de fluxos de dades.<\/li><li>Valoraci\u00f3 on-chain, off-chain storage.<\/li><\/ul>\n\n\n","protected":false},"excerpt":{"rendered":"<p>A quin p\u00fablic ens dirigim? Entitats gestores de DLTs, amb independ\u00e8ncia de la forma jur\u00eddica que adoptin. Entitats emissores i consumidores de credencials verificables i desenvolupadores o gestores de carteres d&#8217;identitat. Prestadors de serveis d&#8217;evid\u00e8ncia digital descentralitzada, o entitats que precisen generar evid\u00e8ncies per als seus processos, com el prestadors de serveis de confian\u00e7a o [&hellip;]<\/p>\n","protected":false},"author":1,"featured_media":0,"parent":5,"menu_order":0,"comment_status":"closed","ping_status":"closed","template":"","meta":{"footnotes":""},"class_list":["post-1001","page","type-page","status-publish","hentry"],"_links":{"self":[{"href":"https:\/\/serveis.astrea.info\/index.php\/wp-json\/wp\/v2\/pages\/1001","targetHints":{"allow":["GET"]}}],"collection":[{"href":"https:\/\/serveis.astrea.info\/index.php\/wp-json\/wp\/v2\/pages"}],"about":[{"href":"https:\/\/serveis.astrea.info\/index.php\/wp-json\/wp\/v2\/types\/page"}],"author":[{"embeddable":true,"href":"https:\/\/serveis.astrea.info\/index.php\/wp-json\/wp\/v2\/users\/1"}],"replies":[{"embeddable":true,"href":"https:\/\/serveis.astrea.info\/index.php\/wp-json\/wp\/v2\/comments?post=1001"}],"version-history":[{"count":0,"href":"https:\/\/serveis.astrea.info\/index.php\/wp-json\/wp\/v2\/pages\/1001\/revisions"}],"up":[{"embeddable":true,"href":"https:\/\/serveis.astrea.info\/index.php\/wp-json\/wp\/v2\/pages\/5"}],"wp:attachment":[{"href":"https:\/\/serveis.astrea.info\/index.php\/wp-json\/wp\/v2\/media?parent=1001"}],"curies":[{"name":"wp","href":"https:\/\/api.w.org\/{rel}","templated":true}]}}