{"id":1006,"date":"2021-09-20T17:25:33","date_gmt":"2021-09-20T17:25:33","guid":{"rendered":"https:\/\/astrea.es\/web12\/cat\/?page_id=1006"},"modified":"2021-09-20T17:25:33","modified_gmt":"2021-09-20T17:25:33","slug":"politica-de-privacitat","status":"publish","type":"page","link":"https:\/\/serveis.astrea.info\/index.php\/politica-de-privacitat\/","title":{"rendered":"Pol\u00edtica de privacitat"},"content":{"rendered":"\n<h3><span class=\"\">Qui \u00e9s el responsable del tractament de les seves dades personals?<\/span><\/h3>\n<p>\u00a0<\/p>\n<p>Astrea La Infopista Jur\u00eddica SL (a partir d&#8217;ara &#8220;ASTREA&#8221;) amb adre\u00e7a social a Avinguda de Blondel n\u00fam. 21, 2 pis, de Lleida, CP 25002.<\/p>\n<p>Pot contactar amb ASTREA a trav\u00e9s dels seg\u00fcents mitjans:<\/p>\n<pre>Contacte web: <a href=\"https:\/\/contact.astrea.cat\">https:\/\/contact.astrea.cat <\/a><\/pre>\n<pre>Twitter: <a href=\"https:\/\/astrea.es\/t\">https:\/\/astrea.es\/t<\/a><\/pre>\n<pre>Correu electr\u00f2nico: contacteweb [arroba] astrea.cat<\/pre>\n<pre>\u00a0<\/pre>\n<p>\u00a0<\/p>\n<p>\u00a0<\/p>\n<h3>D&#8217;on procedeix i quina informaci\u00f3 recollim?<\/h3>\n<p>\u00a0<\/p>\n<p><strong>A. Dades facilitades directament per l&#8217;interessat<\/strong><\/p>\n<p>Per atendre les seves consultes cal que faciliti determinades dades.<\/p>\n<p>\u00c9s responsabilitat de cada interessat que les dades aportades siguin veritables, exactes, completes i actualitzades i nom\u00e9s ells seran responsables de qualsevol dany o perjudici, directe o indirecte, que pogu\u00e9s ocasionar com a conseq\u00fc\u00e8ncia de l&#8217;incompliment d&#8217;aquesta obligaci\u00f3.<\/p>\n<p>\u00a0<\/p>\n<p><strong>B. Dades recollides de forma automatitzada a trav\u00e9s de galetes<\/strong><\/p>\n<p>ASTREA recapta , de forma automatitzada a trav\u00e9s de galetes, o dispositius d&#8217;emmagatzematge i recuperaci\u00f3 de dades, dades sobre la navegaci\u00f3 i \u00fas realitzat pels nostres usuaris a l&#8217;accedir a la plataforma d&#8217;ASTREA . En est i cas, la informaci\u00f3 recollida es refereix a les dades de context .<\/p>\n<p>Per a m\u00e9s informaci\u00f3 sobre aquest tractament, pot consultar la Pol\u00edtica de Cookies de ASTREA.<\/p>\n<p>\u00a0<\/p>\n<p><strong>C. Dades de xarxes socials<\/strong><\/p>\n<p>ASTREA no t\u00e9 acc\u00e9s als perfils socials de les persones o entitats .<\/p>\n<p>ASTREA no interactua publicant not\u00edcies sobre la seva activitat.<\/p>\n<p>\u00a0<\/p>\n<p><strong>D. Dades obtingudes de fonts p\u00fabliques<\/strong><\/p>\n<p>ASTREA no recopila dades de fonts p\u00fabliques.<\/p>\n<p>\u00a0<\/p>\n<h3>Per qu\u00e8 i per a qu\u00e8 tracta ASTREA les dades esmentades personals?<\/h3>\n<p>Les dades personals es recullen exclusivament per a les finalitats indicades en la present Pol\u00edtica de Privadesa, fonamentades en les seg\u00fcents bases legitimadores:<\/p>\n<p><strong>1 <\/strong><strong>. Consentiment de l&#8217;interessat<\/strong> per a l&#8217;enviament d&#8217;informaci\u00f3 , assist\u00e8ncia i publicitat sobre productes i serveis de ASTREA , per qualsevol mitj\u00e0, fins i tot mitjan\u00e7ant comunicacions electr\u00f2niques o equivalents .<\/p>\n<p>El consentiment atorgat pels apoderats o autoritzats per a les finalitats abans indicades, als efectes de l&#8217;article 21 de la Llei 34\/2002, de Serveis de la Societat de la Informaci\u00f3 i de Comer\u00e7 Electr\u00f2nic ( LSSI ) , s&#8217;entendr\u00e0 donat tant en el seu propi nom com en el de l&#8217;entitat jur\u00eddica a la qual representen.<\/p>\n<p><strong>2 <\/strong><strong>. Interessos leg\u00edtims<\/strong> d&#8217;ASTREA :<\/p>\n<p>En el cas de sol\u00b7licitants de serveis d&#8217;ASTREA podr\u00e0 realitzar accions o comunicacions comercials i \/ o publicit\u00e0ries, per qualsevol mitj\u00e0, fins i tot mitjan\u00e7ant comunicacions electr\u00f2niques o equivalents, relacionades amb productes o serveis similars als contractats, d&#8217;acord amb l&#8217;article 21 LSSI .<\/p>\n<p>Podr\u00e0 oposar-se a aquest tractament basat en l&#8217;inter\u00e8s leg\u00edtim, seguint les indicacions recollides en la cl\u00e0usula &#8220;Drets dels interessats&#8221; d&#8217;aquesta pol\u00edtica de privacitat.<\/p>\n<p>ASTREA podr\u00e0 tractar els dades de contacte facilitades per persones f\u00edsiques que prestin serveis en una entitat per mantenir la relaci\u00f3 amb aquesta s . \u00danicament es tractaran les dades necess\u00e0ries per a la seva localitzaci\u00f3 professional.<\/p>\n<p><strong>3 . Compliment d&#8217;una obligaci\u00f3 legal<\/strong><\/p>\n<p>Facilitar l&#8217;interessat l&#8217;exercici dels seus drets en virtut dels articles 15 a 22 de l&#8217;RGPD i donar curs a la sol\u00b7licitud rebuda en el termini d&#8217;un mes d&#8217;acord amb el que disposa el RGPD, la Llei Org\u00e0nica 3\/2018, de 5 de desembre , de protecci\u00f3 de dades Personals i garantia dels drets digitals (LOPDGDD) i qualsevol altra legislaci\u00f3 aplicable en mat\u00e8ria de protecci\u00f3 de dades.<\/p>\n<p>\u00a0<\/p>\n<h3>Amb qui comparteix ASTREA aquesta informaci\u00f3?<\/h3>\n<p>ASTREA comparteix la seva informaci\u00f3 amb:<\/p>\n<ul>\n<li>Prestadors de serveis contractats per ASTREA (encarregats de l&#8217;tractament). ASTREA exigeix a tots els seus encarregats, contractualment, que nom\u00e9s facin servir les dades personals facilitades per a la finalitat prevista en el corresponent contracte i que, a la seva finalitzaci\u00f3, tornin o destrueixin aquestes dades personals.<\/li>\n<\/ul>\n<p>D&#8217;altra banda, ASTREA \u00fanicament comunicar les seves dades personals per obligaci\u00f3 legal.<\/p>\n<p>\u00a0<\/p>\n<h3>Conservaci\u00f3 de dades<\/h3>\n<p>Les dades personals es conservaran durant el temps necessari per complir amb la finalitat per a la qual es recullen i per determinar les possibles responsabilitats que es puguin derivar de la finalitat, a m\u00e9s dels per\u00edodes que resultin de l&#8217;exercici de les corresponents accions de reclamaci\u00f3 en la via administrativa i judicial. Transcorreguts els terminis de prescripci\u00f3, les seves dades seran destruides.<\/p>\n<p>\u00a0<\/p>\n<h3>Drets dels interessats<\/h3>\n<p>T\u00e9 dret a sol\u00b7licitar confirmaci\u00f3 sobre si ASTREA est\u00e0 tractant les seves dades personals i, si \u00e9s aix\u00ed, a accedir a aquestes dades. Igualment, t\u00e9 dret a sol\u00b7licitar o sol\u00b7licitar la portabilitat de les seves dades personals.<\/p>\n<p>Si algun dels seus dades personals \u00e9s inexacte o incomplet, ha de sol\u00b7licitar la seva rectificaci\u00f3.<\/p>\n<p>T\u00e9 dret a oposar-se a el tractament de les seves dades i \/ o sol\u00b7licitar la supressi\u00f3 dels mateixos.<\/p>\n<p>Podr\u00e0 sol\u00b7licitar la limitaci\u00f3 del tractament de les seves dades en els seg\u00fcents sup\u00f2sits:<\/p>\n<ul>\n<li>Mentre es comprova la impugnaci\u00f3 de l&#8217;exactitud de les seves dades.\u00a0\u00a0\u00a0\u00a0\u00a0\u00a0\u00a0\u00a0\u00a0<\/li>\n<li>Si el tractament fos il\u00b7l\u00edcit, per\u00f2 s&#8217;opos\u00e9s a la supressi\u00f3 de les seves dades.\u00a0\u00a0\u00a0\u00a0\u00a0\u00a0\u00a0\u00a0\u00a0<\/li>\n<li>Quan ASTREA no necessiti les seves dades, per\u00f2 vost\u00e8 els necessiti per a l&#8217;exercici o la defensa de reclamacions.\u00a0\u00a0\u00a0\u00a0\u00a0\u00a0\u00a0\u00a0\u00a0<\/li>\n<li>Quan s&#8217;hagi oposat a el tractament de les seves dades per al compliment d&#8217;una missi\u00f3 en inter\u00e8s p\u00fablic o per a la satisfacci\u00f3 d&#8217;un inter\u00e8s leg\u00edtim, mentre es verifica si els motius leg\u00edtims per al tractament prevalen sobre els seus.\u00a0\u00a0\u00a0\u00a0\u00a0\u00a0\u00a0\u00a0\u00a0<\/li>\n<\/ul>\n<p>A m\u00e9s, en qualsevol moment, pot revocar el consentiment prestat.<\/p>\n<p>Per al correcte exercici dels seus drets, ASTREA li sol\u00b7licita que, al formular la seva sol\u00b7licitud, acrediti la seva identitat mitjan\u00e7ant una c\u00f2pia del seu DNI, o document oficial equivalent, i identifiqui l&#8217;empresa (o empreses) a la qual figurin vinculats seves dades, si es d\u00f3na el cas. Els canals a la seva disposici\u00f3 s\u00f3n:<\/p>\n<p><em>Carta postal:<\/em> ASTREA LA INFOPISTA JURIDICA SL. Av Blondel 21, 2n. 25002-LLEIDA Att. \u201cProtecci\u00f3 de Dades\u201d<\/p>\n<p><em>Correu electr\u00f2nic:<\/em> contacteweb [arroba] astrea.cat, indicando en el asunto \u201cProtecci\u00f3 de Dades\u201d.<\/p>\n<p>Si considera que ASTREA no ha tractat les seves dades personals d&#8217;acord amb la normativa aplicable en mat\u00e8ria de protecci\u00f3 de dades , quan ho consideri oport\u00fa pot dirigir-se a l&#8217;Ag\u00e8ncia Espanyola de Protecci\u00f3 de Dades, situada al carrer Jorge Juan, 6, 28001, Madrid (www.aepd.es), davant la qual podr\u00e0 presentar una reclamaci\u00f3.<\/p>\n<p>\u00a0<\/p>\n<h3>Actualitzaci\u00f3 de la pol\u00edtica de privacitat<\/h3>\n<p>ASTREA s&#8217;esfor\u00e7a per millorar cont\u00ednuament els seus serveis, processos i la protecci\u00f3 dels drets dels interessats. Per aix\u00f2 actualitzar\u00e0 aquesta pol\u00edtica de privacitat peri\u00f2dicament. Li aconsellem que la consulteu de forma regular.<\/p>\n<p>\u00a0<\/p>\n<p>De part de l&#8217;equip que compon ASTREA li agra\u00efm el temps dedicat a llegir aquesta pol\u00edtica de privacitat.<\/p>\n","protected":false},"excerpt":{"rendered":"","protected":false},"author":1,"featured_media":0,"parent":0,"menu_order":0,"comment_status":"closed","ping_status":"closed","template":"","meta":{"footnotes":""},"class_list":["post-1006","page","type-page","status-publish","hentry"],"_links":{"self":[{"href":"https:\/\/serveis.astrea.info\/index.php\/wp-json\/wp\/v2\/pages\/1006","targetHints":{"allow":["GET"]}}],"collection":[{"href":"https:\/\/serveis.astrea.info\/index.php\/wp-json\/wp\/v2\/pages"}],"about":[{"href":"https:\/\/serveis.astrea.info\/index.php\/wp-json\/wp\/v2\/types\/page"}],"author":[{"embeddable":true,"href":"https:\/\/serveis.astrea.info\/index.php\/wp-json\/wp\/v2\/users\/1"}],"replies":[{"embeddable":true,"href":"https:\/\/serveis.astrea.info\/index.php\/wp-json\/wp\/v2\/comments?post=1006"}],"version-history":[{"count":0,"href":"https:\/\/serveis.astrea.info\/index.php\/wp-json\/wp\/v2\/pages\/1006\/revisions"}],"wp:attachment":[{"href":"https:\/\/serveis.astrea.info\/index.php\/wp-json\/wp\/v2\/media?parent=1006"}],"curies":[{"name":"wp","href":"https:\/\/api.w.org\/{rel}","templated":true}]}}