{"id":1593,"date":"2010-12-05T22:51:28","date_gmt":"2010-12-05T22:51:28","guid":{"rendered":"http:\/\/www.astrea.es\/web11\/cat\/"},"modified":"2010-12-05T22:51:28","modified_gmt":"2010-12-05T22:51:28","slug":"avis-legal","status":"publish","type":"page","link":"https:\/\/serveis.astrea.info\/index.php\/empresa\/avis-legal\/","title":{"rendered":"Av\u00eds legal"},"content":{"rendered":"<h2 style=\"text-align: justify;\">1. Objecte i acceptaci\u00f3<\/h2>\n<p style=\"text-align: justify;\">Aquest &#8220;Av\u00eds Legal&#8221; regula l&#8217;\u00fas del servei del lloc web que ASTREA LA INFOPISTA JURIDICA SL posa a disposici\u00f3 dels usuaris a Internet.<\/p>\n<p style=\"text-align: justify;\">ASTREA LA INFOPISTA JURIDICA SL \u00e9s la titular dels dominis <em>www.astrea.es<\/em>, <em>www.astrea.cat<\/em> i de tots els seus subdominis (en endavant lloc web), amb domicili social a la Avinguda de Blondel n\u00fam. 21, de Lleida, CIF n\u00fam. B25378001.<\/p>\n<p style=\"text-align: justify;\">Aquest lloc web t\u00e9 per objecte donar a con\u00e8ixer a tots els usuaris la informaci\u00f3 i serveis oferts per ASTREA LA INFOPISTA JURIDICA SL, podent modificar en qualsevol moment i sense previ av\u00eds, el disseny, la presentaci\u00f3 o la configuraci\u00f3 del lloc web, aix\u00ed com els seus continguts.<\/p>\n<p style=\"text-align: justify;\">La utilitzaci\u00f3 del lloc web i dels seus continguts atribueix la condici\u00f3 d&#8217;usuari de la mateixa (d&#8217;ara endavant, el &#8220;usuari&#8221;) i implica l&#8217;acceptaci\u00f3 de totes i cadascuna de les condicions incloses en aquest Av\u00eds Legal, en la versi\u00f3 publicada el moment en qu\u00e8 s&#8217;accedeixi al mateix.<\/p>\n<p style=\"text-align: justify;\">L&#8217;usuari s&#8217;obliga a fer un \u00fas del lloc web de conformitat amb les lleis, la bona fe, l&#8217;ordre p\u00fablic, els usos del tr\u00e0fic i el present Av\u00eds Legal. Aix\u00ed mateix l&#8217;usuari ha de llegir atentament el present Av\u00eds Legal en cadascuna de les ocasions en qu\u00e8 es proposi utilitzar el lloc Web, ja que les condicions d&#8217;\u00fas poden patir modificacions.<\/p>\n<h2 style=\"text-align: justify;\">2. Condicions d&#8217;acc\u00e9s i utilitzaci\u00f3<\/h2>\n<p style=\"text-align: justify;\">L&#8217;acc\u00e9s al lloc web \u00e9s gratu\u00eft excepte pel que fa al cost de la connexi\u00f3 a trav\u00e9s de la xarxa de telecomunicacions subministrada pel prove\u00efdor d&#8217;acc\u00e9s contractat per l&#8217;usuari.<\/p>\n<p style=\"text-align: justify;\">L&#8217;usuari garanteix l&#8217;autenticitat i actualitat de totes aquelles dades que comuniqui i ser\u00e0 l&#8217;\u00fanic responsable de les manifestacions falses o inexactes que realitzi.<\/p>\n<p style=\"text-align: justify;\">L&#8217;usuari es compromet expressament a fer un \u00fas adequat dels continguts i serveis i a no emprar-los per, entre altres:<\/p>\n<p style=\"text-align: justify; padding-left: 30px;\">a) Introduir en la xarxa virus inform\u00e0tics o realitzar actuacions susceptibles d&#8217;alterar, malmetre, interrompre o generar errors o danys en els documents electr\u00f2nics, dades o sistemes f\u00edsics i l\u00f2gics d&#8217;ASTREA LA INFOPISTA JURIDICA S.L. o de terceres persones, aix\u00ed com obstaculitzar l&#8217;acc\u00e9s d&#8217;altres usuaris al lloc web i als seus serveis mitjan\u00e7ant el consum massiu dels recursos inform\u00e0tics a trav\u00e9s dels quals ASTREA LA INFOPISTA JURIDICA S.L. presta els seus serveis.<\/p>\n<p style=\"text-align: justify; padding-left: 30px;\">b) Intentar accedir als comptes de correu electr\u00f2nic d&#8217;altres usuaris o \u00e0rees restringides dels sistemes inform\u00e0tics d\u2019ASTREA LA INFOPISTA JURIDICA S.L., o de tercers i, si s&#8217;escau, extreure informaci\u00f3.<\/p>\n<p style=\"text-align: justify; padding-left: 30px;\">c) Vulnerar els drets de propietat intel\u00b7lectual o industrial, aix\u00ed com violar la confidencialitat de la informaci\u00f3 d\u2019ASTREA LA INFOPISTA JURIDICA S.L o de tercers.<\/p>\n<p style=\"text-align: justify; padding-left: 30px;\">d) Suplantar la identitat d&#8217;un altre usuari, de les administracions p\u00fabliques o d&#8217;un tercer.<\/p>\n<p style=\"text-align: justify; padding-left: 30px;\">e) Reproduir, copiar, distribuir, posar a disposici\u00f3 o de qualsevol altra manera comunicar p\u00fablicament, transformar o modificar els continguts, llevat que es compti amb l&#8217;autoritzaci\u00f3 del titular dels corresponents drets o aix\u00f2 resulti legalment perm\u00e8s.<\/p>\n<p style=\"text-align: justify;\">ASTREA LA INFOPISTA JURIDICA SL es reserva el dret a interrompre en qualsevol moment i sense previ av\u00eds l&#8217;acc\u00e9s al lloc Web, aix\u00ed com a interrompre la prestaci\u00f3 de qualsevol o de tots els serveis que es presten a trav\u00e9s del mateix, ja sigui per motius t\u00e8cnics, de seguretat, de manteniment, per fallades en el subministrament el\u00e8ctric o per qualsevol altra causa. Aquesta interrupci\u00f3 podr\u00e0 tenir car\u00e0cter temporal o definitiu.<\/p>\n<p style=\"text-align: justify;\">ASTREA, LA INFOPISTA JURIDICA SL no garanteix la fiabilitat i disponibilitat de la seva p\u00e0gina web, de manera que la utilitzaci\u00f3 dels mateixos per part de l&#8217;usuari es porta a terme pel seu propi compte i risc.<\/p>\n<h2>3. Enlla\u00e7os al lloc web<\/h2>\n<p style=\"text-align: justify;\">L&#8217;establiment d&#8217;un hiperenlla\u00e7 no implica en cap cas l&#8217;exist\u00e8ncia de relacions entre ASTREA LA INFOPISTA JURIDICA SL i el propietari del lloc web en qu\u00e8 s&#8217;estableixi, ni l&#8217;acceptaci\u00f3 i aprovaci\u00f3 per part de ASTREA LA INFOPISTA JURIDICA SL, dels seus continguts o serveis.<\/p>\n<p style=\"text-align: justify;\">L&#8217;usuari d&#8217;Internet que introdueixi enlla\u00e7os des de les seves p\u00e0gines al lloc web haur\u00e0 de complir amb les seg\u00fcents condicions:<\/p>\n<p style=\"text-align: justify;\">L&#8217;enlla\u00e7 \u00fanicament vincular\u00e0 amb la home page o p\u00e0gina principal del lloc web per\u00f2 no podr\u00e0 reproduir-la de cap manera.<\/p>\n<p style=\"text-align: justify;\">Queda prohibit, d&#8217;acord amb la legislaci\u00f3 vigent en cada moment, establir frames o marcs de qualsevol tipus que emboliquin al Lloc Web o permetin la visualitzaci\u00f3 dels continguts a trav\u00e9s d&#8217;adreces d&#8217;Internet diferents a les del lloc web i, en qualsevol cas, quan es visualitzin conjuntament amb continguts aliens al lloc web de manera que:<\/p>\n<ul style=\"text-align: justify;\">\n<li>Produeixi, o pugui produir, error, confusi\u00f3 o engany en els usuaris sobre la veritable proced\u00e8ncia del servei o continguts.<\/li>\n<li>Suposi un acte de comparaci\u00f3 o imitaci\u00f3 deslleial.<\/li>\n<li>Serveixi per aprofitar la reputaci\u00f3 de ASTREA, LA INFOPISTA JURIDICA SL.<\/li>\n<li>Resulti prohibit per la legislaci\u00f3 vigent.<\/li>\n<\/ul>\n<p style=\"text-align: justify;\">El lloc web que inseriu l&#8217;enlla\u00e7 no podr\u00e0 realitzar cap tipus de manifestaci\u00f3 falsa, inexacta o incorrecta sobre ASTREA LA INFOPISTA JURIDICA SL.<\/p>\n<p style=\"text-align: justify;\">En cap cas s&#8217;ha d&#8217;expressar en el lloc web on s&#8217;ubiqui l&#8217;enlla\u00e7 que ASTREA LA INFOPISTA JURIDICA SL ha prestat el seu consentiment per a la inserci\u00f3 de l&#8217;enlla\u00e7 o que d&#8217;una altra manera patrocina, col\u00b7labora o verifica els serveis de l&#8217;autor de l&#8217;enlla\u00e7.<\/p>\n<p style=\"text-align: justify;\">El lloc web que estableixi l&#8217;enlla\u00e7 complir\u00e0 amb la llei i no podr\u00e0 en cap cas disposar o enlla\u00e7ar amb continguts propis o de tercers que: siguin il\u00b7l\u00edcits, nocius o contraris a la moral i als bons costums (pornogr\u00e0fics, violents, racistes, etc.), indueixin o puguin induir a l&#8217;usuari la falsa concepci\u00f3 que ASTREA LA INFOPISTA JURIDICA SL subscriu, recolza, s&#8217;adhereix o de qualsevol manera d\u00f3na suport, a les idees, manifestacions o expressions, l\u00edcites o il\u00b7l\u00edcites, del remitent, que resultin inapropiats amb l&#8217;activitat de ASTREA,LA INFOPISTA JURIDICA SL amb relaci\u00f3 al lloc, continguts i tem\u00e0tica de la p\u00e0gina web del remitent.<\/p>\n<h2>4. Propietat Intel\u00b7lectual i Industrial<\/h2>\n<p style=\"text-align: justify;\">Tots els continguts del lloc web, com textos, fotografies, gr\u00e0fics, imatges, icones, tecnologia, programari, aix\u00ed com el seu disseny gr\u00e0fic i codis font, constitueixen una obra la propietat pertany a ASTREA LA INFOPISTA JURIDICA SL, sense que puguin entendre&#8217;s cedits a l&#8217;usuari cap dels drets d&#8217;explotaci\u00f3 sobre els mateixos m\u00e9s enll\u00e0 de l\u2019estrictament necessari per al correcte \u00fas de la web.<\/p>\n<p style=\"text-align: justify;\">Sota cap sup\u00f2sit, l&#8217;acc\u00e9s al lloc web suposa la ren\u00fancia, transmissi\u00f3, cessi\u00f3 o llic\u00e8ncia total o parcial d&#8217;aquests drets de propietat intel\u00b7lectual o industrial, ni confereix cap dret d&#8217;utilitzaci\u00f3, traducci\u00f3, adaptaci\u00f3, alteraci\u00f3, explotaci\u00f3, reproducci\u00f3, distribuci\u00f3 o comunicaci\u00f3 p\u00fablica, amb fins comercials, dels esmentats continguts sense la pr\u00e8via i expressa autoritzaci\u00f3 d\u2019ASTREA LA INFOPISTA JURIDICA SL o del tercer titular dels drets afectats. S\u2019exclouen els drets de l&#8217;usuari de visualitzar i obtenir una c\u00f2pia en la mem\u00f2ria cach\u00e9 de l&#8217;ordinador de l&#8217;usuari, com reproducci\u00f3 transit\u00f2ria i access\u00f2ria, sense que en cap cas estigui autoritzat per a comunicar la mateixa a tercers.<\/p>\n<p style=\"text-align: justify;\">Aix\u00ed mateix, totes les marques, noms comercials o signes distintius de qualsevol classe que apareixen en el lloc web s\u00f3n propietat d\u2019ASTREA LA INFOPISTA JURIDICA SL, sense que pugui entendre que l&#8217;\u00fas o acc\u00e9s al mateix atribueixi a l&#8217;usuari cap dret sobre aquests.<\/p>\n<p style=\"text-align: justify;\">La distribuci\u00f3, modificaci\u00f3, cessi\u00f3 o comunicaci\u00f3 p\u00fablica dels continguts i qualsevol altre acte que no hagi estat expressament autoritzat pel titular dels drets d&#8217;explotaci\u00f3 queden prohibits.<\/p>\n<h2 style=\"text-align: justify;\">5. Responsabilitat<\/h2>\n<p style=\"text-align: justify;\">El contingut d&#8217;aquest lloc web t\u00e9 una finalitat merament informativa, sense que es garanteixi plenament l&#8217;acc\u00e9s a tots els continguts, ni la seva exhaustivitat, correcci\u00f3, vig\u00e8ncia o actualitat, ni la seva idone\u00eftat o utilitat per a un objectiu espec\u00edfic.<\/p>\n<p style=\"text-align: justify;\">ASTREA LA INFOPISTA JURIDICA SL no ser\u00e0 responsable en cas que existeixin interrupcions del servei, demores, errors o mal funcionament d&#8217;aquest servei que tinguin el seu origen en causes alienes a la mateixa o degudes a una actuaci\u00f3 dolosa o culposa de l&#8217;usuari, o causa de for\u00e7a major. S\u00f3n causes de for\u00e7a major errors de tercers, operadors o companyies de serveis, manca d&#8217;acc\u00e9s a xarxes de tercers, actes o omissions de les autoritats p\u00fabliques, actes produ\u00efts com a conseq\u00fc\u00e8ncia de fen\u00f2mens naturals, apagades, etc ., i l&#8217;atac de hackers o tercers especialitzats a la seguretat o integritat del sistema inform\u00e0tic, sempre que ASTREA LA INFOPISTA JURIDICA SL hagi adoptat totes les mesures de seguretat existents d&#8217;acord amb l&#8217;estat de la t\u00e8cnica.<\/p>\n<p style=\"text-align: justify;\">En qualsevol cas, sigui quina sigui la seva causa, ASTREA LA INFOPISTA JURIDICA SL no assumir\u00e0 cap responsabilitat per danys directes o indirectes, dany emergent i \/ o per lucre cessant.<\/p>\n<p style=\"text-align: justify;\">ASTREA LA INFOPISTA JURIDICA SL no es responsabilitza de continguts i opinions de tercers abocats en la seva p\u00e0gina web ni de la informaci\u00f3 continguda en les p\u00e0gines web de tercers a les que es pugui accedir per enlla\u00e7os o cercadors del lloc web, ja que la funci\u00f3 d&#8217;aquestes \u00e9s informar l&#8217;usuari sobre l&#8217;exist\u00e8ncia d&#8217;altres fonts d&#8217;informaci\u00f3 sobre la mat\u00e8ria a Internet, on podr\u00e0 ampliar les dades ofertes en aquest Lloc Web. Per tot aix\u00f2, ASTREA LA INFOPISTA JURIDICA SL no ser\u00e0 responsable del resultat obtingut a trav\u00e9s d&#8217;aquests enlla\u00e7os.<\/p>\n<p style=\"text-align: justify;\">Quan pugui accedir a p\u00e0gines web de tercers a trav\u00e9s de cercadors o enlla\u00e7os, ASTREA LA INFOPISTA JURIDICA SL actua com a prestador de serveis d&#8217;intermediaci\u00f3 de conformitat amb l&#8217;article 17 de la Llei 34\/2002, de 12 de juliol, de Serveis de la Societat de la Informaci\u00f3 i el Comer\u00e7 Electr\u00f2nic, i \u00fanicament ser\u00e0 responsable dels continguts i serveis subministrats als llocs enlla\u00e7ats, en la mesura que tingui coneixement efectiu de la il\u00b7licitud i no hagi desactivat l&#8217;enlla\u00e7 amb la dilig\u00e8ncia deguda.<\/p>\n<p style=\"text-align: justify;\">En cap cas l&#8217;exist\u00e8ncia de llocs enlla\u00e7ats ha de pressuposar l&#8217;exist\u00e8ncia d&#8217;acords amb els responsables o titulars dels mateixos, ni la recomanaci\u00f3, promoci\u00f3 o identificaci\u00f3 de ASTREA LA INFOPISTA JURIDICA SL amb les manifestacions, continguts o serveis prove\u00efts.<\/p>\n<p style=\"text-align: justify;\">ASTREA LA INFOPISTA JURIDICA SL no coneix els continguts i serveis dels llocs enlla\u00e7ats i per tant no es fa responsable pels danys produ\u00efts per la il\u00b7licitud, qualitat, desactualitzaci\u00f3, indisponibilitat, error i inutilitat dels continguts i \/ o serveis dels llocs enlla\u00e7ats ni per qualsevol altre dany que no sigui directament imputable a ASTREA LA INFOPISTA JURIDICA SL.<\/p>\n<p style=\"text-align: justify;\">ASTREA LA INFOPISTA JURIDICA SL no es fa responsable per la utilitzaci\u00f3 que l&#8217;usuari realitzi dels serveis del lloc web ni de les seves contrasenyes, aix\u00ed com de qualsevol altre material del lloc web, infringint els drets de propietat intel\u00b7lectual o industrial o qualsevol altre dret de tercers.<\/p>\n<p style=\"text-align: justify;\">ASTREA LA INFOPISTA JURIDICA SL no es fa responsable pels danys que puguin causar en els equips dels usuaris per possibles virus inform\u00e0tics contrets per l&#8217;usuari a causa de la seva navegaci\u00f3 en el Lloc Web, o per qualsevol altre dany derivat de la navegaci\u00f3. Correspon a l&#8217;usuari, en tot cas, disposar d&#8217;eines adequades per a la detecci\u00f3 i desinfecci\u00f3 de programes inform\u00e0tics danyosos.<\/p>\n<p style=\"text-align: justify;\">ASTREA LA INFOPISTA JURIDICA SL no ofereix cap garantia d&#8217;inexist\u00e8ncia d&#8217;errors en cap dels continguts de la seva p\u00e0gina web, a m\u00e9s de no garantir la correcci\u00f3 de qualsevol defecte o l&#8217;abs\u00e8ncia de virus i altres components nocius en aquest lloc web o en el seu servidor.<\/p>\n<p style=\"text-align: justify;\">L&#8217;usuari respondr\u00e0 davant ASTREA LA INFOPISTA JURIDICA SL de qualssevol danys i perjudicis que poguessin causar com a conseq\u00fc\u00e8ncia de l\u2019 incompliment de les condicions d&#8217;\u00fas del lloc web i altres obligacions establertes en el present Av\u00eds Legal.<\/p>\n<h2 style=\"text-align: justify;\">6. Publicitat<\/h2>\n<p style=\"text-align: justify;\">Determinades parts del lloc web poden albergar continguts publicitaris o estar patrocinats. Els anunciants i patrocinadors s\u00f3n els \u00fanics responsables d&#8217;assegurar que el material rem\u00e8s per a la seva inclusi\u00f3 en el Lloc Web compleix amb les lleis que en cada cas puguin ser d&#8217;aplicaci\u00f3.<\/p>\n<h2 style=\"text-align: justify;\">7. Llei aplicable<\/h2>\n<p style=\"text-align: justify;\">Per a tota q\u00fcesti\u00f3 litigiosa o que incumbeixi al lloc web regeix la legislaci\u00f3 espanyola, sent competents per a la resoluci\u00f3 de tots els conflictes derivats o relacionats amb l&#8217;\u00fas de d&#8217;aquest lloc web, els Jutjats i Tribunals de Lleida.<\/p>\n<h2 style=\"text-align: justify;\">8. Publicacions<\/h2>\n<p style=\"text-align: justify;\">La informaci\u00f3 administrativa facilitada a trav\u00e9s del lloc web no substitueix la publicitat legal de les lleis, normatives, plans, disposicions generals i actes que hagin de ser publicats formalment als diaris oficials de les administracions p\u00fabliques, que constitueixen l&#8217;\u00fanic instrument que d\u00f3na fe de l&#8217;autenticitat i contingut. La informaci\u00f3 disponible en aquest lloc web s&#8217;ha d&#8217;entendre com una guia sense prop\u00f2sit de validesa legal.<\/p>\n<h2 style=\"text-align: justify;\">9. Procediment en cas de realitzaci\u00f3 d&#8217;activitats de car\u00e0cter il\u00b7l\u00edcit<\/h2>\n<p style=\"text-align: justify;\">En el cas que qualsevol usuari o un tercer consideri que existeixen fets o circumst\u00e0ncies que revelin el car\u00e0cter il\u00b7l\u00edcit de la utilitzaci\u00f3 de qualsevol contingut i\/o de la realitzaci\u00f3 de qualsevol activitat en les p\u00e0gines web incloses o accessibles a trav\u00e9s del lloc web, haureu de enviar una notificaci\u00f3 a ASTREA LA INFOPISTA JURIDICA SL identificat\u00a0 degudament, especificant les suposades infraccions i declarant expressament i sota la seva responsabilitat que la informaci\u00f3 proporcionada en la notificaci\u00f3 \u00e9s exacta.<\/p>\n<h2 style=\"text-align: justify;\">10. Notificacions<\/h2>\n<p style=\"text-align: justify;\">Totes les notificacions i comunicacions entre els usuaris i ASTREA LA INFOPISTA JURIDICA SL es consideraran eficaces, amb car\u00e0cter general, quan es realitzen a trav\u00e9s de correu postal, correu electr\u00f2nic o comunicaci\u00f3 telef\u00f2nica. Els usuaris hauran de dirigir-les \u00a0mitjan\u00e7ant:<\/p>\n<p style=\"text-align: justify;\">a) Enviament per correu postal a la seg\u00fcent adre\u00e7a: Avinguda de Blondel 21, 2n. 25002-Lleida<\/p>\n<p style=\"text-align: justify;\">b) Enviament per correu electr\u00f2nic a la seg\u00fcent adre\u00e7a: astrea [arroba] astrea.es <\/p>\n<p style=\"text-align: justify;\">\u00a0<\/p>\n\n","protected":false},"excerpt":{"rendered":"<p>1. Objecte i acceptaci\u00f3 Aquest &#8220;Av\u00eds Legal&#8221; regula l&#8217;\u00fas del servei del lloc web que ASTREA LA INFOPISTA JURIDICA SL posa a disposici\u00f3 dels usuaris a Internet. ASTREA LA INFOPISTA JURIDICA SL \u00e9s la titular dels dominis www.astrea.es, www.astrea.cat i de tots els seus subdominis (en endavant lloc web), amb domicili social a la Avinguda [&hellip;]<\/p>\n","protected":false},"author":1,"featured_media":0,"parent":708,"menu_order":80,"comment_status":"closed","ping_status":"closed","template":"","meta":{"footnotes":""},"class_list":["post-1593","page","type-page","status-publish","hentry"],"_links":{"self":[{"href":"https:\/\/serveis.astrea.info\/index.php\/wp-json\/wp\/v2\/pages\/1593","targetHints":{"allow":["GET"]}}],"collection":[{"href":"https:\/\/serveis.astrea.info\/index.php\/wp-json\/wp\/v2\/pages"}],"about":[{"href":"https:\/\/serveis.astrea.info\/index.php\/wp-json\/wp\/v2\/types\/page"}],"author":[{"embeddable":true,"href":"https:\/\/serveis.astrea.info\/index.php\/wp-json\/wp\/v2\/users\/1"}],"replies":[{"embeddable":true,"href":"https:\/\/serveis.astrea.info\/index.php\/wp-json\/wp\/v2\/comments?post=1593"}],"version-history":[{"count":0,"href":"https:\/\/serveis.astrea.info\/index.php\/wp-json\/wp\/v2\/pages\/1593\/revisions"}],"up":[{"embeddable":true,"href":"https:\/\/serveis.astrea.info\/index.php\/wp-json\/wp\/v2\/pages\/708"}],"wp:attachment":[{"href":"https:\/\/serveis.astrea.info\/index.php\/wp-json\/wp\/v2\/media?parent=1593"}],"curies":[{"name":"wp","href":"https:\/\/api.w.org\/{rel}","templated":true}]}}