{"id":1594,"date":"2010-12-05T22:54:59","date_gmt":"2010-12-05T22:54:59","guid":{"rendered":"http:\/\/www.astrea.es\/web11\/cat\/"},"modified":"2010-12-05T22:54:59","modified_gmt":"2010-12-05T22:54:59","slug":"e-documents","status":"publish","type":"page","link":"https:\/\/serveis.astrea.info\/index.php\/serveis\/e-documents\/","title":{"rendered":"Seguretat e-Docs"},"content":{"rendered":"<p style=\"text-align: justify;\">Astrea ofereix serveis especialitzats de consultoria per a l&#8217;aplicaci\u00f3 de la pol\u00edtica model als processos espec\u00edfics de cada client, aix\u00ed com acompanyament en el proc\u00e9s d&#8217;adopci\u00f3 i revisi\u00f3 i auditoria de sistemes que apliquen la pol\u00edtica model.<\/p>\n<p style=\"text-align: justify;\">La doble legislaci\u00f3 de signatura electr\u00f2nica a Espanya, amb normes generals i normes especials per al sector p\u00fablic, aix\u00ed com la recent aparici\u00f3 de l&#8217;Esquema Nacional de Seguretat, ha ofert noves i interessants oportunitats per a la digitalitzaci\u00f3 massiva dels procediments, per\u00f2 tamb\u00e9 ha incrementat la complexitat en la gesti\u00f3 dels sistemes i la necessitat de garantir l&#8217;alineaci\u00f3 de les solucions amb la normativa aplicable.<\/p>\n<p style=\"text-align: justify;\">En aquest sentit, l&#8217;Esquema Nacional de Seguretat imposa una s\u00e8rie d&#8217;obligacions de seguretat documental, aplicables a les aplicacions de negoci, els gestors d&#8217;expedients i documents d&#8217;arxiu, entre les quals destaca la necessitat de disposar de pol\u00edtiques de signatura electr\u00f2nica per als diferents tipus de documents electr\u00f2nics que gestionen.<\/p>\n<p style=\"text-align: justify;\">Per ajudar a les companyies i a les administracions p\u00fabliques amb el compliment de les obligacions legals, Astrea ha creat una biblioteca de pol\u00edtiques de seguretat documental, formada per vuit normes principals, que partint d&#8217;una norma superior de seguretat del document electr\u00f2nic, i amb base a normes de seguretat criptogr\u00e0fica i gesti\u00f3 de claus i certificats, aborda els elements clau en la signatura electr\u00f2nica, l&#8217;autenticaci\u00f3, el xifrat i les evid\u00e8ncies electr\u00f2niques dels documents i expedients administratius:<\/p>\n<p style=\"text-align: center;\"><a href=\"http:\/\/serveis.astrea.info\/wp-content\/uploads\/2010\/12\/casa-astrea.png\"><img fetchpriority=\"high\" decoding=\"async\" class=\" wp-image-213 aligncenter\" title=\"casa-astrea\" src=\"http:\/\/serveis.astrea.info\/wp-content\/uploads\/2010\/12\/casa-astrea.png\" alt=\"\" width=\"593\" height=\"462\" \/><\/a><\/p>\n<p style=\"text-align: justify;\">Les anteriors normes es despleguen en forma d&#8217;est\u00e0ndards t\u00e8cnics, guies t\u00e8cniques i procediments operatius, de manera que la llibreria cont\u00e9 m\u00e9s d&#8217;un centenar de documents t\u00e8cnics detallats.<\/p>\n<p style=\"text-align: justify;\">Alguns exemples s\u00f3n l&#8217;est\u00e0ndard t\u00e8cnic de signatura electr\u00f2nica d&#8217;actes administratius resolutoris, la guia de signatura electr\u00f2nica de format PDF o els procediments de gesti\u00f3 de claus basats en maquinari criptogr\u00e0fic certificat.<\/p>\n<p style=\"text-align: justify;\">Els beneficis d&#8217;aquesta aproximaci\u00f3 inclouen la reutilitzaci\u00f3 del coneixement especialitzat en relaci\u00f3 amb la configuraci\u00f3 dels sistemes, la reducci\u00f3 de riscos legals associats al compliment i, especialment, la reducci\u00f3 en els terminis i costos en el llan\u00e7ament i la gesti\u00f3 de la configuraci\u00f3 dels serveis d&#8217;Administraci\u00f3 electr\u00f2nica i Comer\u00e7 electr\u00f2nic.<\/p>\n<div class=\"mcePaste\" style=\"width: 1px; height: 1px; overflow: hidden;\">\n<pre>&lt;<span class=\"start-tag\">div<\/span><span class=\"attribute-name\"> style<\/span>=<span class=\"attribute-value\">\"border: 1px solid #000000; width: 600px; height: 400px; overflow: auto; text-align: center;\"<\/span>&gt;<\/pre>\n<\/div>\n","protected":false},"excerpt":{"rendered":"<p>Astrea ofereix serveis especialitzats de consultoria per a l&#8217;aplicaci\u00f3 de la pol\u00edtica model als processos espec\u00edfics de cada client, aix\u00ed com acompanyament en el proc\u00e9s d&#8217;adopci\u00f3 i revisi\u00f3 i auditoria de sistemes que apliquen la pol\u00edtica model. La doble legislaci\u00f3 de signatura electr\u00f2nica a Espanya, amb normes generals i normes especials per al sector p\u00fablic, [&hellip;]<\/p>\n","protected":false},"author":1,"featured_media":0,"parent":5,"menu_order":20,"comment_status":"closed","ping_status":"closed","template":"","meta":{"footnotes":""},"class_list":["post-1594","page","type-page","status-publish","hentry"],"_links":{"self":[{"href":"https:\/\/serveis.astrea.info\/index.php\/wp-json\/wp\/v2\/pages\/1594","targetHints":{"allow":["GET"]}}],"collection":[{"href":"https:\/\/serveis.astrea.info\/index.php\/wp-json\/wp\/v2\/pages"}],"about":[{"href":"https:\/\/serveis.astrea.info\/index.php\/wp-json\/wp\/v2\/types\/page"}],"author":[{"embeddable":true,"href":"https:\/\/serveis.astrea.info\/index.php\/wp-json\/wp\/v2\/users\/1"}],"replies":[{"embeddable":true,"href":"https:\/\/serveis.astrea.info\/index.php\/wp-json\/wp\/v2\/comments?post=1594"}],"version-history":[{"count":0,"href":"https:\/\/serveis.astrea.info\/index.php\/wp-json\/wp\/v2\/pages\/1594\/revisions"}],"up":[{"embeddable":true,"href":"https:\/\/serveis.astrea.info\/index.php\/wp-json\/wp\/v2\/pages\/5"}],"wp:attachment":[{"href":"https:\/\/serveis.astrea.info\/index.php\/wp-json\/wp\/v2\/media?parent=1594"}],"curies":[{"name":"wp","href":"https:\/\/api.w.org\/{rel}","templated":true}]}}