{"id":270,"date":"2010-12-05T21:53:33","date_gmt":"2010-12-05T21:53:33","guid":{"rendered":"http:\/\/www.astrea.es\/web11\/cat\/?page_id=2"},"modified":"2010-12-05T21:53:33","modified_gmt":"2010-12-05T21:53:33","slug":"quant-a","status":"publish","type":"page","link":"https:\/\/serveis.astrea.info\/","title":{"rendered":"PRESENTACI\u00d3"},"content":{"rendered":"<p style=\"text-align: justify;\">Astrea \u00e9s una consultora especialitzada en la signatura electr\u00f2nica i la criptografia, especialment en la seva aplicaci\u00f3 als dominis de l&#8217;Administraci\u00f3 electr\u00f2nica i el Comer\u00e7 electr\u00f2nic, amb m\u00e9s de dotze anys d&#8217;experi\u00e8ncia.<\/p>\n<p style=\"text-align: justify;\">L&#8217;empresa t\u00e9 una forta orientaci\u00f3 al compliment normatiu, mat\u00e8ria especialment sensible en la prestaci\u00f3 de serveis de certificaci\u00f3 i en els procediments electr\u00f2nics de les administracions p\u00fabliques i de les empreses que realitzen comer\u00e7 electr\u00f2nic en sectors regulats.<\/p>\n<p style=\"text-align: justify;\">El seg\u00fcent gr\u00e0fic mostra les principals \u00e0rees de compet\u00e8ncia d&#8217;Astrea:<\/p>\n<p style=\"text-align: justify;\"><a href=\"http:\/\/serveis.astrea.info\/wp-content\/uploads\/2010\/12\/grafic-web01-Trans.png\"><img fetchpriority=\"high\" decoding=\"async\" class=\"aligncenter wp-image-444 size-full\" src=\"http:\/\/serveis.astrea.info\/wp-content\/uploads\/2010\/12\/grafic-web01-Trans.png\" alt=\"grafic-web01-Trans\" width=\"372\" height=\"330\" srcset=\"https:\/\/serveis.astrea.info\/wp-content\/uploads\/2010\/12\/grafic-web01-Trans.png 372w, https:\/\/serveis.astrea.info\/wp-content\/uploads\/2010\/12\/grafic-web01-Trans-300x266.png 300w\" sizes=\"(max-width: 372px) 100vw, 372px\" \/><\/a><\/p>\n<p style=\"text-align: justify;\">Els serveis de consultoria que presta l&#8217;empresa s\u00f3n:<\/p>\n<ul style=\"text-align: justify;\">\n<li>Disseny, regulaci\u00f3 i implementaci\u00f3 de targetes criptogr\u00e0fiques, aix\u00ed com serveis de revisi\u00f3 i auditoria de compliment de requisits legals.<\/li>\n<li>Disseny i aplicaci\u00f3 de les pol\u00edtiques i pr\u00e0ctiques necess\u00e0ries per garantir el compliment de la legislaci\u00f3 de signatura electr\u00f2nica pels prestadors de serveis de certificaci\u00f3<\/li>\n<li>Definici\u00f3 del model de PKI, i suport a l&#8217;assessorament sobre jurisdiccions i procediments de certificaci\u00f3 a implantar, i la preparaci\u00f3 de la documentaci\u00f3 administrativa per a la comunicaci\u00f3 de l&#8217;inici de l&#8217;activitat d&#8217;entitat de certificaci\u00f3 a les autoritats administratives competent per a la supervisi\u00f3 i per a la admissi\u00f3 dels certificats.<\/li>\n<li>Disseny i aplicaci\u00f3 de les pol\u00edtiques i pr\u00e0ctiques necess\u00e0ries per garantir el compliment de la legislaci\u00f3 aplicable per part dels serveis d&#8217;atribucions personals i gesti\u00f3 federada de la identitat.<\/li>\n<li>Establiment de procediments de serveis i processos de federaci\u00f3, web SSO, informe de capacitats i validaci\u00f3 de capacitats; redacci\u00f3 de normatives de seguretat dels serveis, la definici\u00f3 d&#8217;esquemes de dades i atributs dels serveis, aix\u00ed com el tractament dels aspectes legals de la soluci\u00f3, especialment des de la perspectiva de la protecci\u00f3 de les dades de car\u00e0cter personal.<\/li>\n<li>Assessorament en l&#8217;aplicaci\u00f3 de la pol\u00edtica model als processos espec\u00edfics de cada client, i acompanyament en el proc\u00e9s d&#8217;adopci\u00f3 i revisi\u00f3 i auditoria de sistemes que apliquen la pol\u00edtica model.<\/li>\n<\/ul>\n\n\n<pre class=\"wp-block-code\"><code><\/code><\/pre>\n","protected":false},"excerpt":{"rendered":"<p>Astrea \u00e9s una consultora especialitzada en la signatura electr\u00f2nica i la criptografia, especialment en la seva aplicaci\u00f3 als dominis de l&#8217;Administraci\u00f3 electr\u00f2nica i el Comer\u00e7 electr\u00f2nic, amb m\u00e9s de dotze anys d&#8217;experi\u00e8ncia. L&#8217;empresa t\u00e9 una forta orientaci\u00f3 al compliment normatiu, mat\u00e8ria especialment sensible en la prestaci\u00f3 de serveis de certificaci\u00f3 i en els procediments electr\u00f2nics [&hellip;]<\/p>\n","protected":false},"author":1,"featured_media":0,"parent":0,"menu_order":10,"comment_status":"closed","ping_status":"closed","template":"","meta":{"footnotes":""},"class_list":["post-270","page","type-page","status-publish","hentry"],"_links":{"self":[{"href":"https:\/\/serveis.astrea.info\/index.php\/wp-json\/wp\/v2\/pages\/270","targetHints":{"allow":["GET"]}}],"collection":[{"href":"https:\/\/serveis.astrea.info\/index.php\/wp-json\/wp\/v2\/pages"}],"about":[{"href":"https:\/\/serveis.astrea.info\/index.php\/wp-json\/wp\/v2\/types\/page"}],"author":[{"embeddable":true,"href":"https:\/\/serveis.astrea.info\/index.php\/wp-json\/wp\/v2\/users\/1"}],"replies":[{"embeddable":true,"href":"https:\/\/serveis.astrea.info\/index.php\/wp-json\/wp\/v2\/comments?post=270"}],"version-history":[{"count":0,"href":"https:\/\/serveis.astrea.info\/index.php\/wp-json\/wp\/v2\/pages\/270\/revisions"}],"wp:attachment":[{"href":"https:\/\/serveis.astrea.info\/index.php\/wp-json\/wp\/v2\/media?parent=270"}],"curies":[{"name":"wp","href":"https:\/\/api.w.org\/{rel}","templated":true}]}}