{"id":5,"date":"2010-12-05T22:45:11","date_gmt":"2010-12-05T22:45:11","guid":{"rendered":"http:\/\/www.astrea.es\/web11\/cat\/"},"modified":"2010-12-05T22:45:11","modified_gmt":"2010-12-05T22:45:11","slug":"serveis","status":"publish","type":"page","link":"https:\/\/serveis.astrea.info\/index.php\/serveis\/","title":{"rendered":"SERVEIS"},"content":{"rendered":"<p>Els nostres serveis es troben estructurats en aquestes tres \u00e0rees:<\/p>\n<p>&nbsp;<\/p>\n<div align=\"center\">\n<table style=\"border: none;\" width=\"60%\">\n<tbody>\n<tr>\n<td valign=\"top\" width=\"65\" height=\"40\"><\/td>\n<td valign=\"top\">\n<ul>\n<li><a title=\"Persona digital\" href=\"http:\/\/astrea.es\/web12\/cat\/serveis\/persona-digital\/\">SERVEIS DE CONFIAN\u00c7A DIGITAL <\/a>\n<ul>\n<li>\u00c0mbit de tarja criptogr\u00e0fica<\/li>\n<li>\u00c0mbit de certificaci\u00f3 de la identitat<\/li>\n<li>Atribucions personals i gesti\u00f3 federada de la identitat<\/li>\n<\/ul>\n<\/ul>\n<\/td>\n<\/tr>\n<tr>\n<td valign=\"top\"  width=\"65\" height=\"40\"><\/td>\n<td valign=\"top\" >\n<ul>\n<li><a title=\"Seguretat e-Docs\" href=\"http:\/\/astrea.es\/web12\/cat\/serveis\/e-documents\/\">Actius electr\u00f2nics (SEGURETAT de DOCUMENTS electr\u00f2nics)<\/a><\/li>\n<\/ul>\n<\/td>\n<\/tr>\n<tr>\n<td valign=\"top\"  width=\"65\" height=\"40\"><\/td>\n<td valign=\"top\">\n<ul>\n<li><a title=\"Conformitat legal\" href=\"http:\/\/astrea.es\/web12\/cat\/serveis\/conformitat\/\">Drets a l&#8217;entorn digital (CONFORMITAT LEGAL)<\/a>\n<ul>\n<li>La revisi\u00f3 peri\u00f2dica de la conformitat legal<\/li>\n<li>La implementaci\u00f3 de controls per a la conformitat legal<\/li>\n<li>L&#8217;auditoria peri\u00f2dica de la conformitat legal<\/li>\n<li>La gesti\u00f3 del canvi en la conformitat legal<\/li>\n<\/ul>\n<\/li>\n<\/ul>\n<\/td>\n<\/tr>\n<\/tbody>\n<\/table>\n<\/div>\n<p>&nbsp;<\/p>\n","protected":false},"excerpt":{"rendered":"<p>Els nostres serveis es troben estructurats en aquestes tres \u00e0rees: &nbsp; SERVEIS DE CONFIAN\u00c7A DIGITAL \u00c0mbit de tarja criptogr\u00e0fica \u00c0mbit de certificaci\u00f3 de la identitat Atribucions personals i gesti\u00f3 federada de la identitat Actius electr\u00f2nics (SEGURETAT de DOCUMENTS electr\u00f2nics) Drets a l&#8217;entorn digital (CONFORMITAT LEGAL) La revisi\u00f3 peri\u00f2dica de la conformitat legal La implementaci\u00f3 de [&hellip;]<\/p>\n","protected":false},"author":1,"featured_media":0,"parent":0,"menu_order":20,"comment_status":"closed","ping_status":"closed","template":"","meta":{"footnotes":""},"class_list":["post-5","page","type-page","status-publish","hentry"],"_links":{"self":[{"href":"https:\/\/serveis.astrea.info\/index.php\/wp-json\/wp\/v2\/pages\/5","targetHints":{"allow":["GET"]}}],"collection":[{"href":"https:\/\/serveis.astrea.info\/index.php\/wp-json\/wp\/v2\/pages"}],"about":[{"href":"https:\/\/serveis.astrea.info\/index.php\/wp-json\/wp\/v2\/types\/page"}],"author":[{"embeddable":true,"href":"https:\/\/serveis.astrea.info\/index.php\/wp-json\/wp\/v2\/users\/1"}],"replies":[{"embeddable":true,"href":"https:\/\/serveis.astrea.info\/index.php\/wp-json\/wp\/v2\/comments?post=5"}],"version-history":[{"count":0,"href":"https:\/\/serveis.astrea.info\/index.php\/wp-json\/wp\/v2\/pages\/5\/revisions"}],"wp:attachment":[{"href":"https:\/\/serveis.astrea.info\/index.php\/wp-json\/wp\/v2\/media?parent=5"}],"curies":[{"name":"wp","href":"https:\/\/api.w.org\/{rel}","templated":true}]}}